{"id":200,"date":"2021-07-19T10:50:29","date_gmt":"2021-07-19T08:50:29","guid":{"rendered":"https:\/\/sunservices.org\/sun\/?page_id=200"},"modified":"2021-07-20T23:54:59","modified_gmt":"2021-07-20T21:54:59","slug":"decouverte","status":"publish","type":"page","link":"https:\/\/sunservices.org\/sun\/decouverte\/","title":{"rendered":"D\u00e9couverte"},"content":{"rendered":"\t\t<div data-elementor-type=\"wp-page\" data-elementor-id=\"200\" class=\"elementor elementor-200\">\n\t\t\t\t\t\t\t\t\t<section class=\"elementor-section elementor-top-section elementor-element elementor-element-256054e6 elementor-section-full_width elementor-section-height-default elementor-section-height-default\" data-id=\"256054e6\" data-element_type=\"section\">\n\t\t\t\t\t\t<div class=\"elementor-container elementor-column-gap-default\">\n\t\t\t\t\t<div class=\"elementor-column elementor-col-100 elementor-top-column elementor-element elementor-element-3baf330e\" data-id=\"3baf330e\" data-element_type=\"column\">\n\t\t\t<div class=\"elementor-widget-wrap elementor-element-populated\">\n\t\t\t\t\t\t\t\t<div class=\"elementor-element elementor-element-4abcd2d elementor--v-position-bottom elementor--h-position-center elementor-arrows-position-inside elementor-pagination-position-inside elementor-widget elementor-widget-slides\" data-id=\"4abcd2d\" data-element_type=\"widget\" data-settings=\"{&quot;navigation&quot;:&quot;both&quot;,&quot;autoplay&quot;:&quot;yes&quot;,&quot;pause_on_hover&quot;:&quot;yes&quot;,&quot;pause_on_interaction&quot;:&quot;yes&quot;,&quot;autoplay_speed&quot;:5000,&quot;infinite&quot;:&quot;yes&quot;,&quot;transition&quot;:&quot;slide&quot;,&quot;transition_speed&quot;:500}\" data-widget_type=\"slides.default\">\n\t\t\t\t<div class=\"elementor-widget-container\">\n\t\t\t<style>\/*! elementor-pro - v3.3.1 - 20-06-2021 *\/\n.elementor-slides .swiper-slide-bg{-webkit-background-size:cover;background-size:cover;background-position:50%;background-repeat:no-repeat;min-width:100%;min-height:100%}.elementor-slides .swiper-slide-inner{background-repeat:no-repeat;background-position:50%;position:absolute;top:0;left:0;bottom:0;right:0;padding:50px;margin:auto}.elementor-slides .swiper-slide-inner,.elementor-slides .swiper-slide-inner:hover{color:#fff;display:-webkit-box;display:-ms-flexbox;display:flex}.elementor-slides .swiper-slide-inner .elementor-background-overlay{position:absolute;z-index:0;top:0;bottom:0;left:0;right:0}.elementor-slides .swiper-slide-inner .elementor-slide-content{position:relative;z-index:1;width:100%}.elementor-slides .swiper-slide-inner .elementor-slide-heading{font-size:35px;font-weight:700;line-height:1}.elementor-slides .swiper-slide-inner .elementor-slide-description{font-size:17px;line-height:1.4}.elementor-slides .swiper-slide-inner .elementor-slide-description:not(:last-child),.elementor-slides .swiper-slide-inner .elementor-slide-heading:not(:last-child){margin-bottom:30px}.elementor-slides .swiper-slide-inner .elementor-slide-button{border:2px solid #fff;color:#fff;background:transparent;display:inline-block}.elementor-slides .swiper-slide-inner .elementor-slide-button,.elementor-slides .swiper-slide-inner .elementor-slide-button:hover{background:transparent;color:inherit;text-decoration:none}.elementor--v-position-top .swiper-slide-inner{-webkit-box-align:start;-ms-flex-align:start;align-items:flex-start}.elementor--v-position-bottom .swiper-slide-inner{-webkit-box-align:end;-ms-flex-align:end;align-items:flex-end}.elementor--v-position-middle .swiper-slide-inner{-webkit-box-align:center;-ms-flex-align:center;align-items:center}.elementor--h-position-left .swiper-slide-inner{-webkit-box-pack:start;-ms-flex-pack:start;justify-content:flex-start}.elementor--h-position-right .swiper-slide-inner{-webkit-box-pack:end;-ms-flex-pack:end;justify-content:flex-end}.elementor--h-position-center .swiper-slide-inner{-webkit-box-pack:center;-ms-flex-pack:center;justify-content:center}body.rtl .elementor-widget-slides .elementor-swiper-button-next{left:10px;right:auto}body.rtl .elementor-widget-slides .elementor-swiper-button-prev{right:10px;left:auto}.elementor-slides-wrapper div:not(.swiper-slide)>.swiper-slide-inner{display:none}@media (max-width:767px){.elementor-slides .swiper-slide-inner{padding:30px}.elementor-slides .swiper-slide-inner .elementor-slide-heading{font-size:23px;line-height:1;margin-bottom:15px}.elementor-slides .swiper-slide-inner .elementor-slide-description{font-size:13px;line-height:1.4;margin-bottom:15px}}<\/style>\t\t<div class=\"elementor-swiper\">\n\t\t\t<div class=\"elementor-slides-wrapper elementor-main-swiper swiper-container\" dir=\"ltr\" data-animation=\"fadeInUp\">\n\t\t\t\t<div class=\"swiper-wrapper elementor-slides\">\n\t\t\t\t\t<div class=\"elementor-repeater-item-da41deb swiper-slide\"><div class=\"swiper-slide-bg\"><\/div><div class=\"swiper-slide-inner\" ><div class=\"swiper-slide-contents\"><div class=\"elementor-slide-heading\">A la d\u00e9couverte de la C\u00f4te d' Ivoire<\/div><div class=\"elementor-slide-description\">Parc National de Ta\u00ef, Assinie, Sassandra, Grand-Bassam, Yamoussoukro avec la basilique Notre Dame de la paix<\/div><\/div><\/div><\/div>\t\t\t\t<\/div>\n\t\t\t\t\t\t\t<\/div>\n\t\t<\/div>\n\t\t\t\t<\/div>\n\t\t\t\t<\/div>\n\t\t\t\t<div class=\"elementor-element elementor-element-41a46547 elementor-drop-cap-yes elementor-drop-cap-view-default elementor-widget elementor-widget-text-editor\" data-id=\"41a46547\" data-element_type=\"widget\" data-settings=\"{&quot;drop_cap&quot;:&quot;yes&quot;}\" data-widget_type=\"text-editor.default\">\n\t\t\t\t<div class=\"elementor-widget-container\">\n\t\t\t<style>\/*! elementor - v3.18.0 - 20-12-2023 *\/\n.elementor-widget-text-editor.elementor-drop-cap-view-stacked .elementor-drop-cap{background-color:#69727d;color:#fff}.elementor-widget-text-editor.elementor-drop-cap-view-framed .elementor-drop-cap{color:#69727d;border:3px solid;background-color:transparent}.elementor-widget-text-editor:not(.elementor-drop-cap-view-default) .elementor-drop-cap{margin-top:8px}.elementor-widget-text-editor:not(.elementor-drop-cap-view-default) .elementor-drop-cap-letter{width:1em;height:1em}.elementor-widget-text-editor .elementor-drop-cap{float:left;text-align:center;line-height:1;font-size:50px}.elementor-widget-text-editor .elementor-drop-cap-letter{display:inline-block}<\/style>\t\t\t\t<p><!-- wp:paragraph --><\/p>\n<p><!-- wp:heading --><\/p>\n<p><!-- wp:heading --><\/p>\n<h2>D\u00e9couverte<\/h2>\n<p><!-- \/wp:heading --><\/p>\n<p>D\u00e9couverte de la C\u00f4t\u00e9 d&rsquo;Ivoire: P.N de Ta\u00ef, Assinie, Sassandra, Grand Bassam, Yamoussoukro avec la basilique Notre Dame de la paix<\/p>\n<p><b>Vous aimerez&#8230;<\/b><\/p>\n<ul>\n<li>L&rsquo;observation des chimpanz\u00e9s dans le Parc National de Ta\u00ef<\/li>\n<li>La visite du plus grand lieu saint catholique d&rsquo; Afrique : la Basilique Notre Dame de la Paix<\/li>\n<li>La visite de Grand Bassam et de son quartier colonial, inscrit au patrimoine mondial de l&rsquo;UNESCO<\/li>\n<li>La d\u00e9tente sur les plages sauvages de Sassandra<\/li>\n<li>La soir\u00e9e avec danses traditionnelles dans le village de Goul\u00e9ako<\/li>\n<li>La rencontre avec les artisans dans les march\u00e9s du pays<\/li>\n<\/ul>\n<div>Les attraits de la C\u00f4te d\u2019Ivoire sont nombreux, et Nomade propose un concentr\u00e9 d\u2019immanquables sur ce circuit. Nous passerons par les deux villes principales : Abidjan pour commencer, et Yamoussoukro, capitale du pays depuis 1983, petit village devenu grand par la volont\u00e9 de l\u2019ancien pr\u00e9sident Houphouet-Boigny (et abritant le plus grand lieu saint catholique d\u2019Afrique : la Basilique Notre Dame de la Paix). Nous irons \u00e0 la rencontre des habitants \u00e0 travers les villages de p\u00eacheurs, observerons les chimpanz\u00e9s dans le Parc National de Ta\u00ef, sans oublier la d\u00e9couverte des danses traditionnelles et de l\u2019artisanat ivoirien. Et les plages, \u00e9videmment !<\/div>\n<div>\u00a0<\/div>\n<div>\n<div><strong>Vol Paris &#8211; Abidjan<\/strong><\/div>\n<div>Vol de jour Paris \/ Abidjan (d\u00e9part de province possible, sur demande). Accueil \u00e0 l&rsquo;a\u00e9roport par votre guide, transfert en direction de votre h\u00f4tel. Repas non compris.<\/div>\n<div>\u00a0<\/div>\n<\/div>\n<div>\n<p><strong>Abidjan &#8211; Grand-Bassam &#8211; Assinie &#8211; Abidjan<\/strong><br \/>Apr\u00e8s le petit d\u00e9jeuner, d\u00e9part en direction de Grand-Bassam : visite guid\u00e9e du Mus\u00e9e des Costumes et du quartier colonial, inscrit au patrimoine mondial de l\u2019UNESCO. Apr\u00e8s le d\u00e9jeuner, nous rejoignons la Passe d\u2019Assinie \u2013 passage de la lagune en pirogue \u2013 avec d\u00e9couverte du site entre oc\u00e9an et lagune. Retour \u00e0 Abidjan en d\u00e9but de soir\u00e9e.<br \/>D\u00eener dans un maquis. Les maquis d\u00e9signent en Afrique francophone un type de restaurant, en particulier en C\u00f4te d&rsquo;Ivoire et au Burkina Faso. En plus d&rsquo;une fonction de restauration, il assure \u00e9galement une fonction sociale, devenant lieu de rencontre, de d\u00e9bat et d&rsquo;\u00e9change, voire point de rassemblement pour les diasporas.<br \/>Nuit \u00e0 l\u2019h\u00f4tel.<\/p>\n<p>Transfert Abidjan &#8211; Assinie : Environ 2h de route (soit 4h aller retour)<\/p>\n<\/div>\n<p><strong>Abidjan &#8211; Yamoussoukro &#8211; Daloa<\/strong><br \/>D\u00e9part en d\u00e9but de matin\u00e9e pour Yamoussoukro. A notre arriv\u00e9e, nous faisons un tour de la ville avec notamment la visite guid\u00e9e de la Basilique Notre dame de la paix, reconnu en 1989 comme l&rsquo;\u00e9difice religieux chr\u00e9tien le plus large au monde (150 m de largeur contre 115 m pour la basilique Saint-Pierre). Par la suite nous d\u00e9couvrons le lac aux crocodiles aux abords du Palais Pr\u00e9sidentiel et d\u00e9jeuner aux abords. Apr\u00e8s le d\u00e9jeuner, d\u00e9part pour Daloa et visite d\u2019une plantation de cacao certifi\u00e9e. La c\u00f4te d&rsquo;Ivoire est le premier pays producteur de cacao avec une repr\u00e9sentation d&rsquo;environ 35% de la production mondiale. Immersion au c\u0153ur de cette agriculture.<br \/>Installation et d\u00eener \u00e0 l\u2019h\u00f4tel.<\/p>\n<p>Transfert Abidjan &#8211; Yamoussoukro : Environ 2h30 de route + Transfert Yamoussoukro &#8211; Daloa : Environ 2h30 de route.<\/p>\n<p><!-- \/wp:paragraph --><\/p>\t\t\t\t\t\t<\/div>\n\t\t\t\t<\/div>\n\t\t\t\t\t<\/div>\n\t\t<\/div>\n\t\t\t\t\t\t\t<\/div>\n\t\t<\/section>\n\t\t\t\t\t\t\t<\/div>\n\t\t","protected":false},"excerpt":{"rendered":"<p>A la d\u00e9couverte de la C\u00f4te d&rsquo; IvoireParc National de Ta\u00ef, Assinie, Sassandra, Grand-Bassam, Yamoussoukro avec la basilique Notre Dame de la paix<\/p>\n","protected":false},"author":1,"featured_media":0,"parent":0,"menu_order":0,"comment_status":"closed","ping_status":"closed","template":"elementor_header_footer","meta":{"site-sidebar-layout":"default","site-content-layout":"default","ast-global-header-display":"","ast-main-header-display":"","ast-hfb-above-header-display":"","ast-hfb-below-header-display":"","ast-hfb-mobile-header-display":"","site-post-title":"","ast-breadcrumbs-content":"","ast-featured-img":"","footer-sml-layout":"","theme-transparent-header-meta":"default","adv-header-id-meta":"","stick-header-meta":"","header-above-stick-meta":"","header-main-stick-meta":"","header-below-stick-meta":"","footnotes":""},"class_list":["post-200","page","type-page","status-publish","hentry"],"_links":{"self":[{"href":"https:\/\/sunservices.org\/sun\/wp-json\/wp\/v2\/pages\/200","targetHints":{"allow":["GET"]}}],"collection":[{"href":"https:\/\/sunservices.org\/sun\/wp-json\/wp\/v2\/pages"}],"about":[{"href":"https:\/\/sunservices.org\/sun\/wp-json\/wp\/v2\/types\/page"}],"author":[{"embeddable":true,"href":"https:\/\/sunservices.org\/sun\/wp-json\/wp\/v2\/users\/1"}],"replies":[{"embeddable":true,"href":"https:\/\/sunservices.org\/sun\/wp-json\/wp\/v2\/comments?post=200"}],"version-history":[{"count":19,"href":"https:\/\/sunservices.org\/sun\/wp-json\/wp\/v2\/pages\/200\/revisions"}],"predecessor-version":[{"id":423,"href":"https:\/\/sunservices.org\/sun\/wp-json\/wp\/v2\/pages\/200\/revisions\/423"}],"wp:attachment":[{"href":"https:\/\/sunservices.org\/sun\/wp-json\/wp\/v2\/media?parent=200"}],"curies":[{"name":"wp","href":"https:\/\/api.w.org\/{rel}","templated":true}]}}