{"id":456,"date":"2022-03-03T00:31:56","date_gmt":"2022-03-02T23:31:56","guid":{"rendered":"https:\/\/sunservices.org\/sun\/?page_id=456"},"modified":"2022-03-03T06:32:38","modified_gmt":"2022-03-03T05:32:38","slug":"offre-demploi","status":"publish","type":"page","link":"https:\/\/sunservices.org\/sun\/offre-demploi\/","title":{"rendered":"Offre d&#8217;emploi"},"content":{"rendered":"\t\t<div data-elementor-type=\"wp-page\" data-elementor-id=\"456\" class=\"elementor elementor-456\">\n\t\t\t\t\t\t\t\t\t<section class=\"elementor-section elementor-top-section elementor-element elementor-element-256054e6 elementor-section-full_width elementor-section-height-default elementor-section-height-default\" data-id=\"256054e6\" data-element_type=\"section\">\n\t\t\t\t\t\t<div class=\"elementor-container elementor-column-gap-default\">\n\t\t\t\t\t<div class=\"elementor-column elementor-col-100 elementor-top-column elementor-element elementor-element-3baf330e\" data-id=\"3baf330e\" data-element_type=\"column\">\n\t\t\t<div class=\"elementor-widget-wrap elementor-element-populated\">\n\t\t\t\t\t\t\t\t<div class=\"elementor-element elementor-element-8750494 elementor--v-position-bottom elementor--h-position-center elementor-arrows-position-inside elementor-widget elementor-widget-slides\" data-id=\"8750494\" data-element_type=\"widget\" data-settings=\"{&quot;navigation&quot;:&quot;arrows&quot;,&quot;autoplay&quot;:&quot;yes&quot;,&quot;pause_on_hover&quot;:&quot;yes&quot;,&quot;pause_on_interaction&quot;:&quot;yes&quot;,&quot;autoplay_speed&quot;:5000,&quot;infinite&quot;:&quot;yes&quot;,&quot;transition&quot;:&quot;slide&quot;,&quot;transition_speed&quot;:500}\" data-widget_type=\"slides.default\">\n\t\t\t\t<div class=\"elementor-widget-container\">\n\t\t\t<style>\/*! elementor-pro - v3.3.1 - 20-06-2021 *\/\n.elementor-slides .swiper-slide-bg{-webkit-background-size:cover;background-size:cover;background-position:50%;background-repeat:no-repeat;min-width:100%;min-height:100%}.elementor-slides .swiper-slide-inner{background-repeat:no-repeat;background-position:50%;position:absolute;top:0;left:0;bottom:0;right:0;padding:50px;margin:auto}.elementor-slides .swiper-slide-inner,.elementor-slides .swiper-slide-inner:hover{color:#fff;display:-webkit-box;display:-ms-flexbox;display:flex}.elementor-slides .swiper-slide-inner .elementor-background-overlay{position:absolute;z-index:0;top:0;bottom:0;left:0;right:0}.elementor-slides .swiper-slide-inner .elementor-slide-content{position:relative;z-index:1;width:100%}.elementor-slides .swiper-slide-inner .elementor-slide-heading{font-size:35px;font-weight:700;line-height:1}.elementor-slides .swiper-slide-inner .elementor-slide-description{font-size:17px;line-height:1.4}.elementor-slides .swiper-slide-inner .elementor-slide-description:not(:last-child),.elementor-slides .swiper-slide-inner .elementor-slide-heading:not(:last-child){margin-bottom:30px}.elementor-slides .swiper-slide-inner .elementor-slide-button{border:2px solid #fff;color:#fff;background:transparent;display:inline-block}.elementor-slides .swiper-slide-inner .elementor-slide-button,.elementor-slides .swiper-slide-inner .elementor-slide-button:hover{background:transparent;color:inherit;text-decoration:none}.elementor--v-position-top .swiper-slide-inner{-webkit-box-align:start;-ms-flex-align:start;align-items:flex-start}.elementor--v-position-bottom .swiper-slide-inner{-webkit-box-align:end;-ms-flex-align:end;align-items:flex-end}.elementor--v-position-middle .swiper-slide-inner{-webkit-box-align:center;-ms-flex-align:center;align-items:center}.elementor--h-position-left .swiper-slide-inner{-webkit-box-pack:start;-ms-flex-pack:start;justify-content:flex-start}.elementor--h-position-right .swiper-slide-inner{-webkit-box-pack:end;-ms-flex-pack:end;justify-content:flex-end}.elementor--h-position-center .swiper-slide-inner{-webkit-box-pack:center;-ms-flex-pack:center;justify-content:center}body.rtl .elementor-widget-slides .elementor-swiper-button-next{left:10px;right:auto}body.rtl .elementor-widget-slides .elementor-swiper-button-prev{right:10px;left:auto}.elementor-slides-wrapper div:not(.swiper-slide)>.swiper-slide-inner{display:none}@media (max-width:767px){.elementor-slides .swiper-slide-inner{padding:30px}.elementor-slides .swiper-slide-inner .elementor-slide-heading{font-size:23px;line-height:1;margin-bottom:15px}.elementor-slides .swiper-slide-inner .elementor-slide-description{font-size:13px;line-height:1.4;margin-bottom:15px}}<\/style>\t\t<div class=\"elementor-swiper\">\n\t\t\t<div class=\"elementor-slides-wrapper elementor-main-swiper swiper-container\" dir=\"ltr\" data-animation=\"fadeInUp\">\n\t\t\t\t<div class=\"swiper-wrapper elementor-slides\">\n\t\t\t\t\t<div class=\"elementor-repeater-item-a5b222c swiper-slide\"><div class=\"swiper-slide-bg\"><\/div><div class=\"swiper-slide-inner\" ><div class=\"swiper-slide-contents\"><div class=\"elementor-slide-heading\">OFFRE D' EMPLOI<\/div><\/div><\/div><\/div><div class=\"elementor-repeater-item-e391478 swiper-slide\"><div class=\"swiper-slide-bg\"><\/div><div class=\"swiper-slide-inner\" ><div class=\"swiper-slide-contents\"><div class=\"elementor-slide-heading\">OFFRE D' EMPLOI<\/div><\/div><\/div><\/div>\t\t\t\t<\/div>\n\t\t\t\t\t\t\t\t\t\t\t\t\t\t\t\t\t\t\t\t<div class=\"elementor-swiper-button elementor-swiper-button-prev\">\n\t\t\t\t\t\t\t<i class=\"eicon-chevron-left\" aria-hidden=\"true\"><\/i>\n\t\t\t\t\t\t\t<span class=\"elementor-screen-only\">Previous<\/span>\n\t\t\t\t\t\t<\/div>\n\t\t\t\t\t\t<div class=\"elementor-swiper-button elementor-swiper-button-next\">\n\t\t\t\t\t\t\t<i class=\"eicon-chevron-right\" aria-hidden=\"true\"><\/i>\n\t\t\t\t\t\t\t<span class=\"elementor-screen-only\">Next<\/span>\n\t\t\t\t\t\t<\/div>\n\t\t\t\t\t\t\t\t\t\t\t\t<\/div>\n\t\t<\/div>\n\t\t\t\t<\/div>\n\t\t\t\t<\/div>\n\t\t\t\t<div class=\"elementor-element elementor-element-41a46547 elementor-drop-cap-yes elementor-drop-cap-view-default elementor-widget elementor-widget-text-editor\" data-id=\"41a46547\" data-element_type=\"widget\" data-settings=\"{&quot;drop_cap&quot;:&quot;yes&quot;}\" data-widget_type=\"text-editor.default\">\n\t\t\t\t<div class=\"elementor-widget-container\">\n\t\t\t<style>\/*! elementor - v3.18.0 - 20-12-2023 *\/\n.elementor-widget-text-editor.elementor-drop-cap-view-stacked .elementor-drop-cap{background-color:#69727d;color:#fff}.elementor-widget-text-editor.elementor-drop-cap-view-framed .elementor-drop-cap{color:#69727d;border:3px solid;background-color:transparent}.elementor-widget-text-editor:not(.elementor-drop-cap-view-default) .elementor-drop-cap{margin-top:8px}.elementor-widget-text-editor:not(.elementor-drop-cap-view-default) .elementor-drop-cap-letter{width:1em;height:1em}.elementor-widget-text-editor .elementor-drop-cap{float:left;text-align:center;line-height:1;font-size:50px}.elementor-widget-text-editor .elementor-drop-cap-letter{display:inline-block}<\/style>\t\t\t\t<p><!-- wp:paragraph --><\/p>\n<p><!-- wp:heading --><\/p>\n<p><!-- wp:heading --><\/p>\n<h2>Assistante Administrative<\/h2>\n<p><!-- \/wp:heading --><\/p>\n<p><b>SUN SERVICES<\/b> est une agence de prestation de services, cr\u00e9\u00e9e en 2013.<br>Elle est dot\u00e9e d\u2019une \u00e9quipe jeune, dynamique et exp\u00e9riment\u00e9e.<br>Le groupe&nbsp;<b>SUN SERVICES<\/b>&nbsp;est constitu\u00e9 de plusieurs entit\u00e9s assurant des services divers. Chaque entit\u00e9 constitue en elle-m\u00eame un d\u00e9partement en vue de pouvoir, de par son organisation, offrir les meilleurs services aux clients et partenaires.<\/p>\n<p><!-- \/wp:paragraph --><\/p>\t\t\t\t\t\t<\/div>\n\t\t\t\t<\/div>\n\t\t\t\t\t<\/div>\n\t\t<\/div>\n\t\t\t\t\t\t\t<\/div>\n\t\t<\/section>\n\t\t\t\t<section class=\"elementor-section elementor-top-section elementor-element elementor-element-bb76618 elementor-section-boxed elementor-section-height-default elementor-section-height-default\" data-id=\"bb76618\" data-element_type=\"section\">\n\t\t\t\t\t\t<div class=\"elementor-container elementor-column-gap-default\">\n\t\t\t\t\t<div class=\"elementor-column elementor-col-50 elementor-top-column elementor-element elementor-element-2565e67\" data-id=\"2565e67\" data-element_type=\"column\">\n\t\t\t<div class=\"elementor-widget-wrap elementor-element-populated\">\n\t\t\t\t\t\t\t\t<div class=\"elementor-element elementor-element-5fe0c05 elementor-widget elementor-widget-text-editor\" data-id=\"5fe0c05\" data-element_type=\"widget\" data-widget_type=\"text-editor.default\">\n\t\t\t\t<div class=\"elementor-widget-container\">\n\t\t\t\t\t\t\t<p><b>Poste : Assistante Administrative<br>Type d&rsquo;offre : Emploi<\/b><\/p>\n<p><u><b>Description du poste<\/b><\/u> : Vous \u00eates jeune, avez le sens de la cr\u00e9ativit\u00e9, efficace, vous avez le go\u00fbt du d\u00e9fi et du challenge, MEREDAN, entreprise de communication bas\u00e9e \u00e0 Abidjan recrute une Assistante Administrative en vue d&rsquo;une embauche.<\/p>\n<p><u><b>Profil recherch\u00e9<\/b><\/u> : Etre titulaire d&rsquo;un BAC \/ BAC+2 \/ BAC+3 en Assistante Administrative, Ressources humaines, droit, sciences sociales, comptabilit\u00e9, avoir 25 \u00e0 30 ans avec 2 ans d\u2019exp\u00e9rience minimum.<\/p>\n<p><u><b>Mission du Poste<\/b><\/u> : Accueillir, g\u00e9rer le secr\u00e9tariat, informer et orienter;<br>Organiser l&rsquo;administration : g\u00e9rer le courrier, saisir et pr\u00e9parer divers documents;<br>Classer et archiver (physique et num\u00e9rique) les documents et informations;<br>Pr\u00e9parer les diff\u00e9rentes r\u00e9unions et r\u00e9aliser les comptes rendus, les proc\u00e8s verbaux.<\/p>\t\t\t\t\t\t<\/div>\n\t\t\t\t<\/div>\n\t\t\t\t\t<\/div>\n\t\t<\/div>\n\t\t\t\t<div class=\"elementor-column elementor-col-50 elementor-top-column elementor-element elementor-element-19ce1b0\" data-id=\"19ce1b0\" data-element_type=\"column\">\n\t\t\t<div class=\"elementor-widget-wrap elementor-element-populated\">\n\t\t\t\t\t\t\t\t<div class=\"elementor-element elementor-element-3753726 elementor-widget elementor-widget-text-editor\" data-id=\"3753726\" data-element_type=\"widget\" data-widget_type=\"text-editor.default\">\n\t\t\t\t<div class=\"elementor-widget-container\">\n\t\t\t\t\t\t\t<p><span style=\"font-style: inherit; color: var( --e-global-color-text ); font-family: var( --e-global-typography-text-font-family ), Sans-serif;\"><span style=\"text-decoration: underline;\"><strong>Savoir-faire<\/strong><\/span><span style=\"font-weight: inherit;\"> :<\/span><\/span><\/p>\n<p>&#8211; Conna\u00eetre les techniques de gestion administrative et de secr\u00e9tariat;<br \/>&#8211; Ma\u00eetriser la gestion de l&rsquo;agenda;<br \/>&#8211; Ma\u00eetriser la bureautique : Word, Excel, PowerPoint<br \/>&#8211; Bonne ma\u00eetrise de la langue fran\u00e7aise,<br \/>&#8211; Bonne capacit\u00e9 r\u00e9dactionnelle en fran\u00e7ais <br \/>&#8211; Savoir utiliser les modes de communication.<\/p>\n<p><b><u>Savoir-\u00eatre<\/u><\/b><br \/>Disponible, discr\u00e8te, bonne pr\u00e9sentation, forte capacit\u00e9 d&rsquo;organisation, bon relationnel, rigueur et m\u00e9thode, aptitude \u00e0 travailler seul et en \u00e9quipe sous pression.<\/p>\n<p><b><u>Dossier de candidature<\/u><\/b> : CV + lettre de motivation avec la mention Assistante Administrative en objet au plus tard le 10 Mars 2022 \u00e0 23h \u00e0 l&rsquo;adresse suivante : voyagessun@gmail.com<br \/>Contact : 27 22 52 22 18 , 07 47 29 09 89<\/p>\t\t\t\t\t\t<\/div>\n\t\t\t\t<\/div>\n\t\t\t\t\t<\/div>\n\t\t<\/div>\n\t\t\t\t\t\t\t<\/div>\n\t\t<\/section>\n\t\t\t\t\t\t\t<\/div>\n\t\t","protected":false},"excerpt":{"rendered":"<p>OFFRE D&rsquo; EMPLOIOFFRE D&rsquo; EMPLOI Previous Next<\/p>\n","protected":false},"author":1,"featured_media":0,"parent":0,"menu_order":0,"comment_status":"closed","ping_status":"closed","template":"elementor_header_footer","meta":{"site-sidebar-layout":"default","site-content-layout":"default","ast-global-header-display":"","ast-main-header-display":"","ast-hfb-above-header-display":"","ast-hfb-below-header-display":"","ast-hfb-mobile-header-display":"","site-post-title":"","ast-breadcrumbs-content":"","ast-featured-img":"","footer-sml-layout":"","theme-transparent-header-meta":"default","adv-header-id-meta":"","stick-header-meta":"","header-above-stick-meta":"","header-main-stick-meta":"","header-below-stick-meta":"","footnotes":""},"class_list":["post-456","page","type-page","status-publish","hentry"],"_links":{"self":[{"href":"https:\/\/sunservices.org\/sun\/wp-json\/wp\/v2\/pages\/456","targetHints":{"allow":["GET"]}}],"collection":[{"href":"https:\/\/sunservices.org\/sun\/wp-json\/wp\/v2\/pages"}],"about":[{"href":"https:\/\/sunservices.org\/sun\/wp-json\/wp\/v2\/types\/page"}],"author":[{"embeddable":true,"href":"https:\/\/sunservices.org\/sun\/wp-json\/wp\/v2\/users\/1"}],"replies":[{"embeddable":true,"href":"https:\/\/sunservices.org\/sun\/wp-json\/wp\/v2\/comments?post=456"}],"version-history":[{"count":20,"href":"https:\/\/sunservices.org\/sun\/wp-json\/wp\/v2\/pages\/456\/revisions"}],"predecessor-version":[{"id":480,"href":"https:\/\/sunservices.org\/sun\/wp-json\/wp\/v2\/pages\/456\/revisions\/480"}],"wp:attachment":[{"href":"https:\/\/sunservices.org\/sun\/wp-json\/wp\/v2\/media?parent=456"}],"curies":[{"name":"wp","href":"https:\/\/api.w.org\/{rel}","templated":true}]}}